{"id":412,"date":"2022-05-19T19:18:35","date_gmt":"2022-05-19T17:18:35","guid":{"rendered":"http:\/\/yniidvn.cluster031.hosting.ovh.net\/?page_id=412"},"modified":"2022-11-19T17:03:22","modified_gmt":"2022-11-19T16:03:22","slug":"acces-2","status":"publish","type":"page","link":"https:\/\/www.lamadoue.fr\/index.php\/acces-2\/","title":{"rendered":"Acc\u00e8s"},"content":{"rendered":"<div data-colibri-id=\"412-c1\" class=\"style-449 style-local-412-c1 position-relative\">\r\n  <!---->\r\n  <div data-colibri-component=\"section\" data-colibri-id=\"412-c2\" id=\"overlappable\" class=\"h-section h-section-global-spacing d-flex align-items-lg-center align-items-md-center align-items-center style-454 style-local-412-c2 position-relative\">\r\n    <!---->\r\n    <!---->\r\n    <div class=\"h-section-grid-container h-section-boxed-container\">\r\n      <!---->\r\n      <div data-colibri-id=\"412-c3\" class=\"h-row-container gutters-row-lg-0 gutters-row-md-0 gutters-row-2 gutters-row-v-lg-0 gutters-row-v-md-0 gutters-row-v-2 style-455 style-local-412-c3 position-relative\">\r\n        <!---->\r\n        <div class=\"h-row justify-content-lg-center justify-content-md-center justify-content-center align-items-lg-stretch align-items-md-stretch align-items-stretch gutters-col-lg-0 gutters-col-md-0 gutters-col-2 gutters-col-v-lg-0 gutters-col-v-md-0 gutters-col-v-2\">\r\n          <!---->\r\n          <div class=\"h-column h-column-container d-flex h-col-lg-3 h-col-md-3 h-col-12 style-456-outer style-local-412-c4-outer\">\r\n            <div data-colibri-id=\"412-c4\" class=\"d-flex h-flex-basis h-column__inner h-px-lg-3 h-px-md-3 h-px-2 v-inner-lg-3 v-inner-md-3 v-inner-2 style-456 style-local-412-c4 position-relative\">\r\n              <!---->\r\n              <!---->\r\n              <div class=\"w-100 h-y-container h-column__content h-column__v-align flex-basis-100 align-self-lg-center align-self-md-center align-self-center\">\r\n                <!---->\r\n                <div data-colibri-id=\"412-c5\" class=\"h-icon style-457 style-local-412-c5 position-relative h-element\">\r\n                  <!----><span class=\"h-svg-icon h-icon__icon style-457-icon style-local-412-c5-icon\"><!--Icon by Font Awesome (https:\/\/fontawesome.com)-->\r\n    <svg version=\"1.1\" xmlns=\"http:\/\/www.w3.org\/2000\/svg\" xmlns:xlink=\"http:\/\/www.w3.org\/1999\/xlink\" id=\"train\" viewBox=\"0 0 1536 1896.0833\">\r\n      <path d=\"M1088 0q185 0 316.5 93.5T1536 320v896q0 130-125.5 222t-305.5 97l213 202q16 15 8 35t-30 20H240q-22 0-30-20t8-35l213-202q-180-5-305.5-97T0 1216V320Q0 187 131.5 93.5T448 0h640zM768 1344q80 0 136-56t56-136-56-136-136-56-136 56-56 136 56 136 136 56zm576-576V256H192v512h1152z\"><\/path>\r\n    <\/svg><\/span><\/div>\r\n                <div data-colibri-id=\"412-c6\" class=\"h-global-transition-all h-heading style-458 style-local-412-c6 position-relative h-element\">\r\n                  <!---->\r\n                  <div class=\"h-heading__outer style-458 style-local-412-c6\">\r\n                    <!---->\r\n                    <!---->\r\n                    <h5 class=\"\">En train<\/h5>\r\n                  <\/div>\r\n                <\/div>\r\n                <div data-colibri-id=\"412-c7\" class=\"h-text h-text-component style-459 style-local-412-c7 position-relative h-element\">\r\n                  <!---->\r\n                  <!---->\r\n                  <div class=\"\">\r\n                    <p>Gare Montpellier St Roch,<\/p>\r\n                    <p>Gare Montpellier Sud de France,<\/p>\r\n                    <p>Gare de S\u00e8te.<\/p>\r\n                    <p>\r\n                      <br>\r\n                    <\/p>\r\n                    <p>\r\n                      <br>\r\n                    <\/p>\r\n                    <p>\r\n                      <br>\r\n                    <\/p>\r\n                    <p>\r\n                      <br>\r\n                    <\/p>\r\n                  <\/div>\r\n                <\/div>\r\n              <\/div>\r\n            <\/div>\r\n          <\/div>\r\n          <div class=\"h-column h-column-container d-flex h-col-lg-3 h-col-md-3 h-col-12 style-456-outer style-local-412-c8-outer\">\r\n            <div data-colibri-id=\"412-c8\" class=\"d-flex h-flex-basis h-column__inner h-px-lg-3 h-px-md-3 h-px-2 v-inner-lg-3 v-inner-md-3 v-inner-2 style-456 style-local-412-c8 position-relative\">\r\n              <!---->\r\n              <!---->\r\n              <div class=\"w-100 h-y-container h-column__content h-column__v-align flex-basis-100 align-self-lg-center align-self-md-center align-self-center\">\r\n                <!---->\r\n                <div data-colibri-id=\"412-c9\" class=\"h-icon style-457 style-local-412-c9 position-relative h-element\">\r\n                  <!----><span class=\"h-svg-icon h-icon__icon style-457-icon style-local-412-c9-icon\"><!--Icon by Font Awesome (https:\/\/fontawesome.com)-->\r\n    <svg version=\"1.1\" xmlns=\"http:\/\/www.w3.org\/2000\/svg\" xmlns:xlink=\"http:\/\/www.w3.org\/1999\/xlink\" id=\"bus\" viewBox=\"0 0 1536 1896.0833\">\r\n      <path d=\"M384 1216q0-53-37.5-90.5T256 1088t-90.5 37.5T128 1216t37.5 90.5T256 1344t90.5-37.5T384 1216zm1024 0q0-53-37.5-90.5T1280 1088t-90.5 37.5-37.5 90.5 37.5 90.5 90.5 37.5 90.5-37.5 37.5-90.5zm-46-396l-72-384q-5-23-22.5-37.5T1227 384H309q-23 0-40.5 14.5T246 436l-72 384q-5 30 14 53t49 23h1062q30 0 49-23t14-53zm-226-612q0-20-14-34t-34-14H448q-20 0-34 14t-14 34 14 34 34 14h640q20 0 34-14t14-34zm400 725v603h-128v128q0 53-37.5 90.5T1280 1792t-90.5-37.5-37.5-90.5v-128H384v128q0 53-37.5 90.5T256 1792t-90.5-37.5T128 1664v-128H0V933q0-112 25-223l103-454q9-78 97.5-137t230-89T768 0t312.5 30 230 89 97.5 137l105 454q23 102 23 223z\"><\/path>\r\n    <\/svg><\/span><\/div>\r\n                <div data-colibri-id=\"412-c10\" class=\"h-global-transition-all h-heading style-458 style-local-412-c10 position-relative h-element\">\r\n                  <!---->\r\n                  <div class=\"h-heading__outer style-458 style-local-412-c10\">\r\n                    <!---->\r\n                    <!---->\r\n                    <h5 class=\"\">Tram\/Bus<\/h5>\r\n                  <\/div>\r\n                <\/div>\r\n                <div data-colibri-id=\"412-c11\" class=\"h-text h-text-component style-459 style-local-412-c11 position-relative h-element\">\r\n                  <!---->\r\n                  <!---->\r\n                  <div class=\"\">\r\n                    <p>Depuis Montpellier:&nbsp;Tram Ligne 1 ou 3 jusqu&rsquo;\u00e0 <strong>Juvignac<\/strong> puis <strong>Bus N\u00b0 42<\/strong> jusqu&rsquo;\u00e0 Murviel les Montpellier arr\u00eat \u00ab\u00a0<strong>Clos des pins<\/strong>\u00a0\u00bb puis marcher 800m jusqu&rsquo;\u00e0 l&rsquo;\u00e9levage.<\/p>\r\n                    <p>\r\n                      <br>\r\n                    <\/p>\r\n                    <p>\r\n                      <br>\r\n                    <\/p>\r\n                    <p>\r\n                      <br>\r\n                    <\/p>\r\n                  <\/div>\r\n                <\/div>\r\n              <\/div>\r\n            <\/div>\r\n          <\/div>\r\n          <div class=\"h-column h-column-container d-flex h-col-lg-3 h-col-md-3 h-col-12 style-456-outer style-local-412-c12-outer\">\r\n            <div data-colibri-id=\"412-c12\" class=\"d-flex h-flex-basis h-column__inner h-px-lg-3 h-px-md-3 h-px-2 v-inner-lg-3 v-inner-md-3 v-inner-2 style-456 style-local-412-c12 position-relative\">\r\n              <!---->\r\n              <!---->\r\n              <div class=\"w-100 h-y-container h-column__content h-column__v-align flex-basis-100 align-self-lg-center align-self-md-center align-self-center\">\r\n                <!---->\r\n                <div data-colibri-id=\"412-c13\" class=\"h-icon style-457 style-local-412-c13 position-relative h-element\">\r\n                  <!----><span class=\"h-svg-icon h-icon__icon style-457-icon style-local-412-c13-icon\"><!--Icon by Font Awesome (https:\/\/fontawesome.com)-->\r\n    <svg version=\"1.1\" xmlns=\"http:\/\/www.w3.org\/2000\/svg\" xmlns:xlink=\"http:\/\/www.w3.org\/1999\/xlink\" id=\"car\" viewBox=\"0 0 2048 1896.0833\">\r\n      <path d=\"M480 1088q0-66-47-113t-113-47-113 47-47 113 47 113 113 47 113-47 47-113zm36-320h1016l-89-357q-2-8-14-17.5t-21-9.5H640q-9 0-21 9.5T605 411zm1372 320q0-66-47-113t-113-47-113 47-47 113 47 113 113 47 113-47 47-113zm160-96v384q0 14-9 23t-23 9h-96v128q0 80-56 136t-136 56-136-56-56-136v-128H512v128q0 80-56 136t-136 56-136-56-56-136v-128H32q-14 0-23-9t-9-23V992q0-93 65.5-158.5T224 768h28l105-419q23-94 104-157.5T640 128h768q98 0 179 63.5T1691 349l105 419h28q93 0 158.5 65.5T2048 992z\"><\/path>\r\n    <\/svg><\/span><\/div>\r\n                <div data-colibri-id=\"412-c14\" class=\"h-global-transition-all h-heading style-458 style-local-412-c14 position-relative h-element\">\r\n                  <!---->\r\n                  <div class=\"h-heading__outer style-458 style-local-412-c14\">\r\n                    <!---->\r\n                    <!---->\r\n                    <h5 class=\"\">En voiture <\/h5>\r\n                  <\/div>\r\n                <\/div>\r\n                <div data-colibri-id=\"412-c15\" class=\"h-text h-text-component style-459 style-local-412-c15 position-relative h-element\">\r\n                  <!---->\r\n                  <!---->\r\n                  <div class=\"\">\r\n                    <p>A seulement 30&prime; de S\u00e8te et de Montpellier<\/p>\r\n                    <p><strong>TAPEZ LAMADOU\u00c9 DANS GOOGLEMAP ET LAISSER VOUS GUIDER.<\/strong><\/p>\r\n                    <p><strong><br><\/strong><\/p>\r\n                    <p><strong>A9<\/strong>&nbsp;: sortie N\u00b032 St jean de V\u00e9das ou 33 S\u00e8te.<\/p>\r\n                    <p><strong>A750<\/strong>&nbsp;: sortie N\u00b061 Montarnaud\/Pignan.<\/p>\r\n                  <\/div>\r\n                <\/div>\r\n              <\/div>\r\n            <\/div>\r\n          <\/div>\r\n          <div class=\"h-column h-column-container d-flex h-col-lg-3 h-col-md-3 h-col-12 style-460-outer style-local-412-c16-outer\">\r\n            <div data-colibri-id=\"412-c16\" class=\"d-flex h-flex-basis h-column__inner h-px-lg-3 h-px-md-3 h-px-2 v-inner-lg-3 v-inner-md-3 v-inner-2 style-460 style-local-412-c16 position-relative\">\r\n              <!---->\r\n              <!---->\r\n              <div class=\"w-100 h-y-container h-column__content h-column__v-align flex-basis-100 align-self-lg-center align-self-md-center align-self-center\">\r\n                <!---->\r\n                <div data-colibri-id=\"412-c17\" class=\"h-icon style-457 style-local-412-c17 position-relative h-element\">\r\n                  <!----><span class=\"h-svg-icon h-icon__icon style-457-icon style-local-412-c17-icon\"><!--Icon by Icons8 Line Awesome (https:\/\/icons8.com\/line-awesome)--><svg version=\"1.1\" xmlns=\"http:\/\/www.w3.org\/2000\/svg\" xmlns:xlink=\"http:\/\/www.w3.org\/1999\/xlink\" id=\"space-shuttle\" viewBox=\"0 0 515 545.5\"><path d=\"M32 96h73c39.324 0 77.19 15.688 105 43.5l2.5 2 67 67 128.5 11c41.173 3.428 78.577 25.134 101.5 59.5l5.5 9-5.5 9c-22.923 34.366-60.327 56.072-101.5 59.5l-128.5 11-69.5 69c-27.8 27.818-65.676 43.5-105 43.5H32v-96H0v-48h16v-96H0v-48h32V96zm32 32v112H48v96h16v112h41c30.852 0 60.7-12.187 82.5-34l45.5-46h-73v-32h110.5L405 325c27.023-2.25 50.422-16.81 68-37-17.578-20.19-40.977-34.75-68-37l-133-11H160v-32h73l-45.5-46c-21.82-21.82-51.648-34-82.5-34H64zm320 144h32v32h-32v-32zM96 368h32v48H96v-48z\"><\/path><\/svg><\/span><\/div>\r\n                <div\r\n                  data-colibri-id=\"412-c18\" class=\"h-global-transition-all h-heading style-458 style-local-412-c18 position-relative h-element\">\r\n                  <!---->\r\n                  <div class=\"h-heading__outer style-458 style-local-412-c18\">\r\n                    <!---->\r\n                    <!---->\r\n                    <h5 class=\"\">En navette spaciale<\/h5>\r\n                  <\/div>\r\n              <\/div>\r\n              <div data-colibri-id=\"412-c19\" class=\"h-text h-text-component style-459 style-local-412-c19 position-relative h-element\">\r\n                <!---->\r\n                <!---->\r\n                <div class=\"\">\r\n                  <p><span style=\"font-weight: 400; font-size: 16px; font-family: &quot;Open Sans&quot;; color: rgb(70, 112, 127);\">Voici le point GPS : 43.60112, 3.74871 puis d\u00e9brouillez vous &#8230;&nbsp;<\/span><\/p>\r\n                  <p><span style=\"font-weight: 400; font-size: 16px; font-family: &quot;Open Sans&quot;; color: rgb(70, 112, 127);\">\ud83d\ude09<\/span><\/p>\r\n                  <p>\r\n                    <br>\r\n                  <\/p>\r\n                  <p><span style=\"font-weight: 400; font-size: 16px; font-family: &quot;Open Sans&quot;; color: rgb(70, 112, 127);\">\ufeff<\/span><\/p>\r\n                  <p>\r\n                    <br>\r\n                  <\/p>\r\n                  <p><span style=\"font-weight: 400; font-size: 16px; font-family: &quot;Open Sans&quot;; color: rgb(70, 112, 127);\">\ufeff<\/span><\/p>\r\n                  <p>\r\n                    <br>\r\n                  <\/p>\r\n                  <p>\r\n                    <br>\r\n                  <\/p>\r\n                <\/div>\r\n              <\/div>\r\n            <\/div>\r\n          <\/div>\r\n        <\/div>\r\n      <\/div>\r\n    <\/div>\r\n  <\/div>\r\n<\/div>\r\n<div data-colibri-component=\"section\" data-colibri-id=\"412-c20\" id=\"custom\" class=\"h-section h-section-global-spacing d-flex align-items-lg-center align-items-md-center align-items-center style-778 style-local-412-c20 position-relative\">\r\n  <!---->\r\n  <!---->\r\n  <div class=\"h-section-grid-container h-section-boxed-container\">\r\n    <!---->\r\n    <div data-colibri-id=\"412-c21\" class=\"h-row-container gutters-row-lg-2 gutters-row-md-2 gutters-row-0 gutters-row-v-lg-2 gutters-row-v-md-2 gutters-row-v-2 style-779 style-local-412-c21 position-relative\">\r\n      <!---->\r\n      <div class=\"h-row justify-content-lg-center justify-content-md-center justify-content-center align-items-lg-stretch align-items-md-stretch align-items-stretch gutters-col-lg-2 gutters-col-md-2 gutters-col-0 gutters-col-v-lg-2 gutters-col-v-md-2 gutters-col-v-2\">\r\n        <!---->\r\n        <div class=\"h-column h-column-container d-flex h-col-lg-auto h-col-md-auto h-col-auto style-780-outer style-local-412-c22-outer\">\r\n          <div data-colibri-id=\"412-c22\" class=\"d-flex h-flex-basis h-column__inner h-px-lg-2 h-px-md-2 h-px-2 v-inner-lg-2 v-inner-md-2 v-inner-2 style-780 style-local-412-c22 position-relative\">\r\n            <!---->\r\n            <!---->\r\n            <div class=\"w-100 h-y-container h-column__content h-column__v-align flex-basis-100 align-self-lg-start align-self-md-start align-self-start\">\r\n              <!---->\r\n              <div data-colibri-id=\"412-c23\" class=\"style-781 style-local-412-c23 position-relative h-element\">\r\n                <!---->\r\n                <div class=\"\"><iframe src=\"https:\/\/www.google.com\/maps\/embed?pb=!1m18!1m12!1m3!1d2889.268785216997!2d3.7460957151954952!3d43.60094486382672!2m3!1f0!2f0!3f0!3m2!1i1024!2i768!4f13.1!3m3!1m2!1s0x12b6adbb58fe910f%3A0x69d60b912051486e!2zTGFtYWRvdcOp!5e0!3m2!1sfr!2sfr!4v1668855102994!5m2!1sfr!2sfr\" width=\"600\" height=\"450\" style=\"border:0;\" allowfullscreen=\"\" loading=\"lazy\" referrerpolicy=\"no-referrer-when-downgrade\"><\/iframe><\/div>\r\n              <\/div>\r\n            <\/div>\r\n          <\/div>\r\n        <\/div>\r\n      <\/div>\r\n    <\/div>\r\n  <\/div>\r\n<\/div>\r\n<\/div>","protected":false},"excerpt":{"rendered":"<p>En train Gare Montpellier St Roch, Gare Montpellier Sud de France, Gare de S\u00e8te. Tram\/Bus Depuis Montpellier:&nbsp;Tram Ligne 1 ou 3 jusqu&rsquo;\u00e0 Juvignac puis Bus N\u00b0 42 jusqu&rsquo;\u00e0 Murviel les Montpellier arr\u00eat \u00ab\u00a0Clos des pins\u00a0\u00bb puis marcher 800m jusqu&rsquo;\u00e0 l&rsquo;\u00e9levage. En voiture A seulement 30&prime; de S\u00e8te et de Montpellier TAPEZ LAMADOU\u00c9 DANS GOOGLEMAP ET [&hellip;]<\/p>\n","protected":false},"author":1,"featured_media":0,"parent":0,"menu_order":0,"comment_status":"closed","ping_status":"closed","template":"page-templates\/full-width-page.php","meta":{"footnotes":""},"class_list":["post-412","page","type-page","status-publish","hentry"],"yoast_head":"<!-- This site is optimized with the Yoast SEO plugin v21.9.1 - https:\/\/yoast.com\/wordpress\/plugins\/seo\/ -->\n<title>Acc\u00e8s - Lamadou\u00e9<\/title>\n<meta name=\"description\" content=\"Les moyens d&#039;acc\u00e8s pour vous rendre \u00e0 notre \u00e9levage de lama situ\u00e9 \u00e0 Murviel les Montpellier. \u00e0 pied, en voiture, \u00e0 v\u00e9lo ou en bus.\" \/>\n<meta name=\"robots\" content=\"index, follow, max-snippet:-1, max-image-preview:large, max-video-preview:-1\" \/>\n<link rel=\"canonical\" href=\"https:\/\/www.lamadoue.fr\/index.php\/acces-2\/\" \/>\n<meta property=\"og:locale\" content=\"fr_FR\" \/>\n<meta property=\"og:type\" content=\"article\" \/>\n<meta property=\"og:title\" content=\"Acc\u00e8s - Lamadou\u00e9\" \/>\n<meta property=\"og:description\" content=\"Les moyens d&#039;acc\u00e8s pour vous rendre \u00e0 notre \u00e9levage de lama situ\u00e9 \u00e0 Murviel les Montpellier. \u00e0 pied, en voiture, \u00e0 v\u00e9lo ou en bus.\" \/>\n<meta property=\"og:url\" content=\"https:\/\/www.lamadoue.fr\/index.php\/acces-2\/\" \/>\n<meta property=\"og:site_name\" content=\"Lamadou\u00e9\" \/>\n<meta property=\"article:publisher\" content=\"https:\/\/www.facebook.com\/Lamadou-106862788505742\/\" \/>\n<meta property=\"article:modified_time\" content=\"2022-11-19T16:03:22+00:00\" \/>\n<meta name=\"twitter:card\" content=\"summary_large_image\" \/>\n<meta name=\"twitter:label1\" content=\"Dur\u00e9e de lecture estim\u00e9e\" \/>\n\t<meta name=\"twitter:data1\" content=\"1 minute\" \/>\n<script type=\"application\/ld+json\" class=\"yoast-schema-graph\">{\"@context\":\"https:\/\/schema.org\",\"@graph\":[{\"@type\":\"WebPage\",\"@id\":\"https:\/\/www.lamadoue.fr\/index.php\/acces-2\/\",\"url\":\"https:\/\/www.lamadoue.fr\/index.php\/acces-2\/\",\"name\":\"Acc\u00e8s - Lamadou\u00e9\",\"isPartOf\":{\"@id\":\"https:\/\/www.lamadoue.fr\/#website\"},\"datePublished\":\"2022-05-19T17:18:35+00:00\",\"dateModified\":\"2022-11-19T16:03:22+00:00\",\"description\":\"Les moyens d'acc\u00e8s pour vous rendre \u00e0 notre \u00e9levage de lama situ\u00e9 \u00e0 Murviel les Montpellier. \u00e0 pied, en voiture, \u00e0 v\u00e9lo ou en bus.\",\"breadcrumb\":{\"@id\":\"https:\/\/www.lamadoue.fr\/index.php\/acces-2\/#breadcrumb\"},\"inLanguage\":\"fr-FR\",\"potentialAction\":[{\"@type\":\"ReadAction\",\"target\":[\"https:\/\/www.lamadoue.fr\/index.php\/acces-2\/\"]}]},{\"@type\":\"BreadcrumbList\",\"@id\":\"https:\/\/www.lamadoue.fr\/index.php\/acces-2\/#breadcrumb\",\"itemListElement\":[{\"@type\":\"ListItem\",\"position\":1,\"name\":\"Accueil\",\"item\":\"https:\/\/www.lamadoue.fr\/\"},{\"@type\":\"ListItem\",\"position\":2,\"name\":\"Acc\u00e8s\"}]},{\"@type\":\"WebSite\",\"@id\":\"https:\/\/www.lamadoue.fr\/#website\",\"url\":\"https:\/\/www.lamadoue.fr\/\",\"name\":\"Lamadou\u00e9\",\"description\":\"&quot;Producteur de douceur&quot; \u00e9levage de lama \u00e0 Montpellier, laine, activit\u00e9 agritourisme, activit\u00e9s ludiques\",\"publisher\":{\"@id\":\"https:\/\/www.lamadoue.fr\/#organization\"},\"potentialAction\":[{\"@type\":\"SearchAction\",\"target\":{\"@type\":\"EntryPoint\",\"urlTemplate\":\"https:\/\/www.lamadoue.fr\/?s={search_term_string}\"},\"query-input\":\"required name=search_term_string\"}],\"inLanguage\":\"fr-FR\"},{\"@type\":\"Organization\",\"@id\":\"https:\/\/www.lamadoue.fr\/#organization\",\"name\":\"Lamadou\u00e9\",\"url\":\"https:\/\/www.lamadoue.fr\/\",\"logo\":{\"@type\":\"ImageObject\",\"inLanguage\":\"fr-FR\",\"@id\":\"https:\/\/www.lamadoue.fr\/#\/schema\/logo\/image\/\",\"url\":\"https:\/\/www.lamadoue.fr\/wp-content\/uploads\/2022\/06\/logo-transparent.png\",\"contentUrl\":\"https:\/\/www.lamadoue.fr\/wp-content\/uploads\/2022\/06\/logo-transparent.png\",\"width\":4096,\"height\":4096,\"caption\":\"Lamadou\u00e9\"},\"image\":{\"@id\":\"https:\/\/www.lamadoue.fr\/#\/schema\/logo\/image\/\"},\"sameAs\":[\"https:\/\/www.facebook.com\/Lamadou-106862788505742\/\",\"https:\/\/www.youtube.com\/channel\/UCOOrtb88az9nkBy-XtLKslg\/videos\",\"https:\/\/www.instagram.com\/lamadoue\/\"]}]}<\/script>\n<!-- \/ Yoast SEO plugin. -->","yoast_head_json":{"title":"Acc\u00e8s - Lamadou\u00e9","description":"Les moyens d'acc\u00e8s pour vous rendre \u00e0 notre \u00e9levage de lama situ\u00e9 \u00e0 Murviel les Montpellier. \u00e0 pied, en voiture, \u00e0 v\u00e9lo ou en bus.","robots":{"index":"index","follow":"follow","max-snippet":"max-snippet:-1","max-image-preview":"max-image-preview:large","max-video-preview":"max-video-preview:-1"},"canonical":"https:\/\/www.lamadoue.fr\/index.php\/acces-2\/","og_locale":"fr_FR","og_type":"article","og_title":"Acc\u00e8s - Lamadou\u00e9","og_description":"Les moyens d'acc\u00e8s pour vous rendre \u00e0 notre \u00e9levage de lama situ\u00e9 \u00e0 Murviel les Montpellier. \u00e0 pied, en voiture, \u00e0 v\u00e9lo ou en bus.","og_url":"https:\/\/www.lamadoue.fr\/index.php\/acces-2\/","og_site_name":"Lamadou\u00e9","article_publisher":"https:\/\/www.facebook.com\/Lamadou-106862788505742\/","article_modified_time":"2022-11-19T16:03:22+00:00","twitter_card":"summary_large_image","twitter_misc":{"Dur\u00e9e de lecture estim\u00e9e":"1 minute"},"schema":{"@context":"https:\/\/schema.org","@graph":[{"@type":"WebPage","@id":"https:\/\/www.lamadoue.fr\/index.php\/acces-2\/","url":"https:\/\/www.lamadoue.fr\/index.php\/acces-2\/","name":"Acc\u00e8s - Lamadou\u00e9","isPartOf":{"@id":"https:\/\/www.lamadoue.fr\/#website"},"datePublished":"2022-05-19T17:18:35+00:00","dateModified":"2022-11-19T16:03:22+00:00","description":"Les moyens d'acc\u00e8s pour vous rendre \u00e0 notre \u00e9levage de lama situ\u00e9 \u00e0 Murviel les Montpellier. \u00e0 pied, en voiture, \u00e0 v\u00e9lo ou en bus.","breadcrumb":{"@id":"https:\/\/www.lamadoue.fr\/index.php\/acces-2\/#breadcrumb"},"inLanguage":"fr-FR","potentialAction":[{"@type":"ReadAction","target":["https:\/\/www.lamadoue.fr\/index.php\/acces-2\/"]}]},{"@type":"BreadcrumbList","@id":"https:\/\/www.lamadoue.fr\/index.php\/acces-2\/#breadcrumb","itemListElement":[{"@type":"ListItem","position":1,"name":"Accueil","item":"https:\/\/www.lamadoue.fr\/"},{"@type":"ListItem","position":2,"name":"Acc\u00e8s"}]},{"@type":"WebSite","@id":"https:\/\/www.lamadoue.fr\/#website","url":"https:\/\/www.lamadoue.fr\/","name":"Lamadou\u00e9","description":"&quot;Producteur de douceur&quot; \u00e9levage de lama \u00e0 Montpellier, laine, activit\u00e9 agritourisme, activit\u00e9s ludiques","publisher":{"@id":"https:\/\/www.lamadoue.fr\/#organization"},"potentialAction":[{"@type":"SearchAction","target":{"@type":"EntryPoint","urlTemplate":"https:\/\/www.lamadoue.fr\/?s={search_term_string}"},"query-input":"required name=search_term_string"}],"inLanguage":"fr-FR"},{"@type":"Organization","@id":"https:\/\/www.lamadoue.fr\/#organization","name":"Lamadou\u00e9","url":"https:\/\/www.lamadoue.fr\/","logo":{"@type":"ImageObject","inLanguage":"fr-FR","@id":"https:\/\/www.lamadoue.fr\/#\/schema\/logo\/image\/","url":"https:\/\/www.lamadoue.fr\/wp-content\/uploads\/2022\/06\/logo-transparent.png","contentUrl":"https:\/\/www.lamadoue.fr\/wp-content\/uploads\/2022\/06\/logo-transparent.png","width":4096,"height":4096,"caption":"Lamadou\u00e9"},"image":{"@id":"https:\/\/www.lamadoue.fr\/#\/schema\/logo\/image\/"},"sameAs":["https:\/\/www.facebook.com\/Lamadou-106862788505742\/","https:\/\/www.youtube.com\/channel\/UCOOrtb88az9nkBy-XtLKslg\/videos","https:\/\/www.instagram.com\/lamadoue\/"]}]}},"_links":{"self":[{"href":"https:\/\/www.lamadoue.fr\/index.php\/wp-json\/wp\/v2\/pages\/412","targetHints":{"allow":["GET"]}}],"collection":[{"href":"https:\/\/www.lamadoue.fr\/index.php\/wp-json\/wp\/v2\/pages"}],"about":[{"href":"https:\/\/www.lamadoue.fr\/index.php\/wp-json\/wp\/v2\/types\/page"}],"author":[{"embeddable":true,"href":"https:\/\/www.lamadoue.fr\/index.php\/wp-json\/wp\/v2\/users\/1"}],"replies":[{"embeddable":true,"href":"https:\/\/www.lamadoue.fr\/index.php\/wp-json\/wp\/v2\/comments?post=412"}],"version-history":[{"count":20,"href":"https:\/\/www.lamadoue.fr\/index.php\/wp-json\/wp\/v2\/pages\/412\/revisions"}],"predecessor-version":[{"id":2073,"href":"https:\/\/www.lamadoue.fr\/index.php\/wp-json\/wp\/v2\/pages\/412\/revisions\/2073"}],"wp:attachment":[{"href":"https:\/\/www.lamadoue.fr\/index.php\/wp-json\/wp\/v2\/media?parent=412"}],"curies":[{"name":"wp","href":"https:\/\/api.w.org\/{rel}","templated":true}]}}