{"id":209,"date":"2022-02-17T15:46:25","date_gmt":"2022-02-17T14:46:25","guid":{"rendered":"http:\/\/yniidvn.cluster031.hosting.ovh.net\/?page_id=209"},"modified":"2024-01-30T16:46:37","modified_gmt":"2024-01-30T15:46:37","slug":"activites-proposees-sur-la-ferme-lamadoue","status":"publish","type":"page","link":"https:\/\/www.lamadoue.fr\/index.php\/activites-proposees-sur-la-ferme-lamadoue\/","title":{"rendered":"Activit\u00e9s"},"content":{"rendered":"<div data-colibri-id=\"209-c1\" class=\"style-434 style-local-209-c1 position-relative\">\n  <!---->\n  <div data-colibri-component=\"section\" data-colibri-id=\"209-c2\" id=\"about\" class=\"h-section h-section-global-spacing d-flex align-items-lg-center align-items-md-center align-items-center style-439 style-local-209-c2 position-relative\">\n    <!---->\n    <!---->\n    <div class=\"h-section-grid-container h-section-boxed-container\">\n      <div data-colibri-id=\"209-c8\" class=\"h-row-container gutters-row-lg-2 gutters-row-md-2 gutters-row-2 gutters-row-v-lg-2 gutters-row-v-md-2 gutters-row-v-2 style-444 style-local-209-c8 position-relative\">\n        <!---->\n        <div class=\"h-row justify-content-lg-center justify-content-md-center justify-content-center align-items-lg-stretch align-items-md-stretch align-items-stretch gutters-col-lg-2 gutters-col-md-2 gutters-col-2 gutters-col-v-lg-2 gutters-col-v-md-2 gutters-col-v-2\">\n          <!---->\n          <div class=\"h-column h-column-container d-flex h-col-lg-auto h-col-md-auto h-col-auto style-445-outer style-local-209-c9-outer\">\n            <div data-colibri-id=\"209-c9\" class=\"d-flex h-flex-basis h-column__inner h-px-lg-2 h-px-md-2 h-px-2 v-inner-lg-2 v-inner-md-2 v-inner-2 style-445 style-local-209-c9 position-relative\">\n              <!---->\n              <!---->\n              <div class=\"w-100 h-y-container h-column__content h-column__v-align flex-basis-100 align-self-lg-start align-self-md-start align-self-start\">\n                <!---->\n                <div data-colibri-id=\"209-c10\" class=\"h-global-transition-all h-heading style-447 style-local-209-c10 position-relative h-element\">\n                  <!---->\n                  <div class=\"h-heading__outer style-447 style-local-209-c10\">\n                    <!---->\n                    <!---->\n                    <h2 class=\"\">Chez Lamadou\u00e9 nous sommes multi-activit\u00e9s, nous proposons des activit\u00e9s uniques dans la m\u00e9tropole de Montpellier.<\/h2>\n                  <\/div>\n                <\/div>\n                <div data-colibri-id=\"209-c11\" class=\"h-lead h-text h-text-component style-448 style-local-209-c11 position-relative h-element\">\n                  <!---->\n                  <!---->\n                  <div class=\"\">\n                    <p><strong style=\"font-weight: 700;\"><br>Visite guid\u00e9e de l&rsquo;\u00e9levage<\/strong> pour observer et apprendre sur la vie des lamas et des alpagas.\n                      <br>&nbsp;<strong><br><\/strong><strong style=\"font-weight: 700;\">Balade guid\u00e9e<\/strong> avec les lamas ou alpagas, \u00e0 la d\u00e9couverte de la garrigue de Montpellier, une immersion garantie remplie de senteurs.<span style=\"font-weight: 700;\"><br><br>Combo visite+balade, <\/span>\n                      <span\n                        style=\"font-weight: 300;\">pour une exp\u00e9rience compl\u00e8te il est possible de cumuler la visite puis de partir en balade.<\/span><span style=\"font-weight: 700;\"><br> <\/span>\n                        <br><strong style=\"font-weight: 700;\">Animation apicole<\/strong> pour voir de tr\u00e8s pr\u00e8s la vie des abeilles apicoles.\n                        <br>&nbsp;<strong><br><\/strong><strong style=\"font-weight: 700;\">Anniversaire<\/strong><strong>, <\/strong>si vous voulez offrir un anniversaire unique et nature \u00e0 vos enfants c&rsquo;est l&rsquo;activit\u00e9 id\u00e9ale !\n                        <br>\n                        <u>au programme <\/u>: 3h d&rsquo;animations ludiques : visite de l&rsquo;\u00e9levage avec l&rsquo;observation du troupeau puis nourrissage des animaux, atelier laine pour un souvenir unique, chasse au tr\u00e9sor, construction de cabanes \u00e0 oiseaux et tout un\n                        tas d&rsquo;autres choses suivant l&rsquo;\u00e2ge et les envies des enfants &#8230;.notre ma\u00eetre mot : l&rsquo;adaptation.&nbsp;\n                        <br>\n                        <br><strong style=\"font-weight: 700;\">Prestations ext\u00e9rieures<\/strong>, si vous ne pouvez pas venir chez Lamadou\u00e9 alors Lamadou\u00e9 viendra \u00e0 vous : que ce soit dans une \u00e9cole, un h\u00f4pital, un Ehpad ou une entreprise, nous nous adaptons\n                        \u00e0 vos besoins pour vous proposer une prestation de qualit\u00e9, photo de mariage, tournage de publicit\u00e9 ou \u00e9v\u00e9nement. Nous nous d\u00e9pla\u00e7ons dans la m\u00e9tropole de Montpellier ainsi que dans tous le d\u00e9partement de l&rsquo;H\u00e9rault.\n                        <br>\n                        <br><strong style=\"font-weight: 700;\">EVJF <\/strong><strong>ou <\/strong><strong style=\"font-weight: 700;\">EVG<\/strong><strong> <\/strong>pour des souvenirs uniques et nature.\n                        <br>\n                        <br><strong style=\"font-weight: 700;\">Accueil de groupe et scolaire,<\/strong> animateur professionnel (BPJEPS Loisirs Tout Public) je sais m&rsquo;adapter \u00e0 vos besoins pour vous proposer des animations ludiques et nature avec comme base\n                        l&rsquo;\u00e9levage de lamas\/alpagas et la garrigue de Montpellier.<strong><br><br><\/strong><strong style=\"font-weight: 700;\">Vente de crottin en vrac,<\/strong><strong> <\/strong><strong style=\"font-weight: 300;\">id\u00e9al pour le potager ou vos fleurs, la l\u00e9gende raconte que c&rsquo;est \u00ab\u00a0<\/strong>\n                        <strong\n                          style=\"font-weight: 600;\">l&rsquo;or noir de la cordill\u00e8re des Andes\u00a0\u00bb <\/strong><strong style=\"font-weight: 300;\">ce crottin va rendre la terre l\u00e9g\u00e8re et garder l&rsquo;humidit\u00e9, garantie sans vermifuge pour une terre vivante.<\/strong><strong><br><\/strong>\n                          <br>\n                    <\/p>\n                  <\/div>\n                <\/div>\n              <\/div>\n            <\/div>\n          <\/div>\n        <\/div>\n      <\/div>\n      <div data-colibri-id=\"209-c3\" class=\"h-row-container gutters-row-lg-0 gutters-row-md-0 gutters-row-0 gutters-row-v-lg-0 gutters-row-v-md-0 gutters-row-v-0 style-440 style-local-209-c3 h-overflow-hidden position-relative\">\n        <!---->\n        <div class=\"h-row justify-content-lg-center justify-content-md-center justify-content-center align-items-lg-end align-items-md-end align-items-end gutters-col-lg-0 gutters-col-md-0 gutters-col-0 gutters-col-v-lg-0 gutters-col-v-md-0 gutters-col-v-0\">\n          <!---->\n          <div class=\"h-column h-column-container d-flex h-col-lg-auto h-col-md-auto h-col-auto align-self-lg-end align-self-md-end align-self-end style-441-outer style-local-209-c4-outer\">\n            <div data-colibri-id=\"209-c4\" class=\"d-flex h-flex-basis h-column__inner h-px-lg-0 h-px-md-0 h-px-0 v-inner-lg-0 v-inner-md-0 v-inner-0 style-441 style-local-209-c4 position-relative\">\n              <!---->\n              <!---->\n              <div class=\"w-100 h-y-container h-column__content h-column__v-align flex-basis-100 align-self-lg-end align-self-md-end align-self-end\">\n                <!---->\n                <div data-colibri-id=\"209-c5\" class=\"d-block style-740 style-local-209-c5 position-relative h-element\">\n                  <!---->\n                  <div class=\"h-image__frame-container-outer\">\n                    <div class=\"h-image__frame-container\">\n                      <!---->\n                      <!---->\n                      <img loading=\"lazy\" decoding=\"async\" width=\"960\" height=\"960\" src=\"https:\/\/www.lamadoue.fr\/wp-content\/uploads\/2024\/01\/cropped-IMG_4036-Large.jpeg\" class=\"wp-image-2499 style-740-image style-local-209-c5-image\" alt=\"lama en garrigue pres de Montpellier dans l'h\u00e9rault\" srcset=\"https:\/\/www.lamadoue.fr\/wp-content\/uploads\/2024\/01\/cropped-IMG_4036-Large.jpeg 960w, https:\/\/www.lamadoue.fr\/wp-content\/uploads\/2024\/01\/cropped-IMG_4036-Large-300x300.jpeg 300w, https:\/\/www.lamadoue.fr\/wp-content\/uploads\/2024\/01\/cropped-IMG_4036-Large-150x150.jpeg 150w, https:\/\/www.lamadoue.fr\/wp-content\/uploads\/2024\/01\/cropped-IMG_4036-Large-768x768.jpeg 768w\" sizes=\"auto, (max-width: 960px) 100vw, 960px\" \/>\n                      <div class=\"h-image__frame h-hide-lg h-hide-md h-hide-sm style-740-frameImage style-local-209-c5-frameImage\"><\/div>\n                    <\/div>\n                  <\/div>\n                <\/div>\n              <\/div>\n            <\/div>\n          <\/div>\n          <div class=\"h-column h-column-container d-flex h-col-lg-auto h-col-md-auto h-col-auto align-self-lg-end align-self-md-end align-self-end style-442-outer style-local-209-c6-outer\">\n            <div data-colibri-id=\"209-c6\" class=\"d-flex h-flex-basis h-column__inner h-ui-empty-state-container h-px-lg-0 h-px-md-0 h-px-0 v-inner-lg-0 v-inner-md-0 v-inner-0 style-442 style-local-209-c6 position-relative\">\n              <!---->\n              <!---->\n              <div class=\"w-100 h-y-container h-column__content h-column__v-align flex-basis-100\">\n                <!---->\n              <\/div>\n            <\/div>\n          <\/div>\n          <div class=\"h-column h-column-container d-flex h-col-lg-auto h-col-md-auto h-col-auto align-self-lg-end align-self-md-end align-self-end style-443-outer style-local-209-c7-outer\">\n            <div data-colibri-id=\"209-c7\" class=\"d-flex h-flex-basis h-column__inner h-ui-empty-state-container h-px-lg-0 h-px-md-0 h-px-0 v-inner-lg-0 v-inner-md-0 v-inner-0 style-443 style-local-209-c7 position-relative\">\n              <!---->\n              <!---->\n              <div class=\"w-100 h-y-container h-column__content h-column__v-align flex-basis-100\">\n                <!---->\n              <\/div>\n            <\/div>\n          <\/div>\n        <\/div>\n      <\/div>\n    <\/div>\n  <\/div>\n<\/div>","protected":false},"excerpt":{"rendered":"<p>Chez Lamadou\u00e9 nous sommes multi-activit\u00e9s, nous proposons des activit\u00e9s uniques dans la m\u00e9tropole de Montpellier. Visite guid\u00e9e de l&rsquo;\u00e9levage pour observer et apprendre sur la vie des lamas et des alpagas. &nbsp;Balade guid\u00e9e avec les lamas ou alpagas, \u00e0 la d\u00e9couverte de la garrigue de Montpellier, une immersion garantie remplie de senteurs.Combo visite+balade, pour une [&hellip;]<\/p>\n","protected":false},"author":1,"featured_media":0,"parent":0,"menu_order":0,"comment_status":"closed","ping_status":"closed","template":"page-templates\/full-width-page.php","meta":{"footnotes":""},"class_list":["post-209","page","type-page","status-publish","hentry"],"yoast_head":"<!-- This site is optimized with the Yoast SEO plugin v21.9.1 - https:\/\/yoast.com\/wordpress\/plugins\/seo\/ -->\n<title>Activit\u00e9s - Lamadou\u00e9<\/title>\n<meta name=\"description\" content=\"activit\u00e9s propos\u00e9es par la ferme l&#039;\u00e9levage de lama Lamadou\u00e9, activit\u00e9s pour d\u00e9couvrir les lamas et en appr\u00e9cier tout les possibilit\u00e9s\" \/>\n<meta name=\"robots\" content=\"index, follow, max-snippet:-1, max-image-preview:large, max-video-preview:-1\" \/>\n<link rel=\"canonical\" href=\"https:\/\/www.lamadoue.fr\/index.php\/activites-proposees-sur-la-ferme-lamadoue\/\" \/>\n<meta property=\"og:locale\" content=\"fr_FR\" \/>\n<meta property=\"og:type\" content=\"article\" \/>\n<meta property=\"og:title\" content=\"Activit\u00e9s - Lamadou\u00e9\" \/>\n<meta property=\"og:description\" content=\"activit\u00e9s propos\u00e9es par la ferme l&#039;\u00e9levage de lama Lamadou\u00e9, activit\u00e9s pour d\u00e9couvrir les lamas et en appr\u00e9cier tout les possibilit\u00e9s\" \/>\n<meta property=\"og:url\" content=\"https:\/\/www.lamadoue.fr\/index.php\/activites-proposees-sur-la-ferme-lamadoue\/\" \/>\n<meta property=\"og:site_name\" content=\"Lamadou\u00e9\" \/>\n<meta property=\"article:publisher\" content=\"https:\/\/www.facebook.com\/Lamadou-106862788505742\/\" \/>\n<meta property=\"article:modified_time\" content=\"2024-01-30T15:46:37+00:00\" \/>\n<meta property=\"og:image\" content=\"https:\/\/www.lamadoue.fr\/wp-content\/uploads\/2024\/01\/cropped-IMG_4036-Large.jpeg\" \/>\n<meta name=\"twitter:card\" content=\"summary_large_image\" \/>\n<meta name=\"twitter:label1\" content=\"Dur\u00e9e de lecture estim\u00e9e\" \/>\n\t<meta name=\"twitter:data1\" content=\"2 minutes\" \/>\n<script type=\"application\/ld+json\" class=\"yoast-schema-graph\">{\"@context\":\"https:\/\/schema.org\",\"@graph\":[{\"@type\":\"WebPage\",\"@id\":\"https:\/\/www.lamadoue.fr\/index.php\/activites-proposees-sur-la-ferme-lamadoue\/\",\"url\":\"https:\/\/www.lamadoue.fr\/index.php\/activites-proposees-sur-la-ferme-lamadoue\/\",\"name\":\"Activit\u00e9s - Lamadou\u00e9\",\"isPartOf\":{\"@id\":\"https:\/\/www.lamadoue.fr\/#website\"},\"datePublished\":\"2022-02-17T14:46:25+00:00\",\"dateModified\":\"2024-01-30T15:46:37+00:00\",\"description\":\"activit\u00e9s propos\u00e9es par la ferme l'\u00e9levage de lama Lamadou\u00e9, activit\u00e9s pour d\u00e9couvrir les lamas et en appr\u00e9cier tout les possibilit\u00e9s\",\"breadcrumb\":{\"@id\":\"https:\/\/www.lamadoue.fr\/index.php\/activites-proposees-sur-la-ferme-lamadoue\/#breadcrumb\"},\"inLanguage\":\"fr-FR\",\"potentialAction\":[{\"@type\":\"ReadAction\",\"target\":[\"https:\/\/www.lamadoue.fr\/index.php\/activites-proposees-sur-la-ferme-lamadoue\/\"]}]},{\"@type\":\"BreadcrumbList\",\"@id\":\"https:\/\/www.lamadoue.fr\/index.php\/activites-proposees-sur-la-ferme-lamadoue\/#breadcrumb\",\"itemListElement\":[{\"@type\":\"ListItem\",\"position\":1,\"name\":\"Accueil\",\"item\":\"https:\/\/www.lamadoue.fr\/\"},{\"@type\":\"ListItem\",\"position\":2,\"name\":\"Activit\u00e9s\"}]},{\"@type\":\"WebSite\",\"@id\":\"https:\/\/www.lamadoue.fr\/#website\",\"url\":\"https:\/\/www.lamadoue.fr\/\",\"name\":\"Lamadou\u00e9\",\"description\":\"&quot;Producteur de douceur&quot; \u00e9levage de lama \u00e0 Montpellier, laine, activit\u00e9 agritourisme, activit\u00e9s ludiques\",\"publisher\":{\"@id\":\"https:\/\/www.lamadoue.fr\/#organization\"},\"potentialAction\":[{\"@type\":\"SearchAction\",\"target\":{\"@type\":\"EntryPoint\",\"urlTemplate\":\"https:\/\/www.lamadoue.fr\/?s={search_term_string}\"},\"query-input\":\"required name=search_term_string\"}],\"inLanguage\":\"fr-FR\"},{\"@type\":\"Organization\",\"@id\":\"https:\/\/www.lamadoue.fr\/#organization\",\"name\":\"Lamadou\u00e9\",\"url\":\"https:\/\/www.lamadoue.fr\/\",\"logo\":{\"@type\":\"ImageObject\",\"inLanguage\":\"fr-FR\",\"@id\":\"https:\/\/www.lamadoue.fr\/#\/schema\/logo\/image\/\",\"url\":\"https:\/\/www.lamadoue.fr\/wp-content\/uploads\/2022\/06\/logo-transparent.png\",\"contentUrl\":\"https:\/\/www.lamadoue.fr\/wp-content\/uploads\/2022\/06\/logo-transparent.png\",\"width\":4096,\"height\":4096,\"caption\":\"Lamadou\u00e9\"},\"image\":{\"@id\":\"https:\/\/www.lamadoue.fr\/#\/schema\/logo\/image\/\"},\"sameAs\":[\"https:\/\/www.facebook.com\/Lamadou-106862788505742\/\",\"https:\/\/www.youtube.com\/channel\/UCOOrtb88az9nkBy-XtLKslg\/videos\",\"https:\/\/www.instagram.com\/lamadoue\/\"]}]}<\/script>\n<!-- \/ Yoast SEO plugin. -->","yoast_head_json":{"title":"Activit\u00e9s - Lamadou\u00e9","description":"activit\u00e9s propos\u00e9es par la ferme l'\u00e9levage de lama Lamadou\u00e9, activit\u00e9s pour d\u00e9couvrir les lamas et en appr\u00e9cier tout les possibilit\u00e9s","robots":{"index":"index","follow":"follow","max-snippet":"max-snippet:-1","max-image-preview":"max-image-preview:large","max-video-preview":"max-video-preview:-1"},"canonical":"https:\/\/www.lamadoue.fr\/index.php\/activites-proposees-sur-la-ferme-lamadoue\/","og_locale":"fr_FR","og_type":"article","og_title":"Activit\u00e9s - Lamadou\u00e9","og_description":"activit\u00e9s propos\u00e9es par la ferme l'\u00e9levage de lama Lamadou\u00e9, activit\u00e9s pour d\u00e9couvrir les lamas et en appr\u00e9cier tout les possibilit\u00e9s","og_url":"https:\/\/www.lamadoue.fr\/index.php\/activites-proposees-sur-la-ferme-lamadoue\/","og_site_name":"Lamadou\u00e9","article_publisher":"https:\/\/www.facebook.com\/Lamadou-106862788505742\/","article_modified_time":"2024-01-30T15:46:37+00:00","og_image":[{"url":"https:\/\/www.lamadoue.fr\/wp-content\/uploads\/2024\/01\/cropped-IMG_4036-Large.jpeg"}],"twitter_card":"summary_large_image","twitter_misc":{"Dur\u00e9e de lecture estim\u00e9e":"2 minutes"},"schema":{"@context":"https:\/\/schema.org","@graph":[{"@type":"WebPage","@id":"https:\/\/www.lamadoue.fr\/index.php\/activites-proposees-sur-la-ferme-lamadoue\/","url":"https:\/\/www.lamadoue.fr\/index.php\/activites-proposees-sur-la-ferme-lamadoue\/","name":"Activit\u00e9s - Lamadou\u00e9","isPartOf":{"@id":"https:\/\/www.lamadoue.fr\/#website"},"datePublished":"2022-02-17T14:46:25+00:00","dateModified":"2024-01-30T15:46:37+00:00","description":"activit\u00e9s propos\u00e9es par la ferme l'\u00e9levage de lama Lamadou\u00e9, activit\u00e9s pour d\u00e9couvrir les lamas et en appr\u00e9cier tout les possibilit\u00e9s","breadcrumb":{"@id":"https:\/\/www.lamadoue.fr\/index.php\/activites-proposees-sur-la-ferme-lamadoue\/#breadcrumb"},"inLanguage":"fr-FR","potentialAction":[{"@type":"ReadAction","target":["https:\/\/www.lamadoue.fr\/index.php\/activites-proposees-sur-la-ferme-lamadoue\/"]}]},{"@type":"BreadcrumbList","@id":"https:\/\/www.lamadoue.fr\/index.php\/activites-proposees-sur-la-ferme-lamadoue\/#breadcrumb","itemListElement":[{"@type":"ListItem","position":1,"name":"Accueil","item":"https:\/\/www.lamadoue.fr\/"},{"@type":"ListItem","position":2,"name":"Activit\u00e9s"}]},{"@type":"WebSite","@id":"https:\/\/www.lamadoue.fr\/#website","url":"https:\/\/www.lamadoue.fr\/","name":"Lamadou\u00e9","description":"&quot;Producteur de douceur&quot; \u00e9levage de lama \u00e0 Montpellier, laine, activit\u00e9 agritourisme, activit\u00e9s ludiques","publisher":{"@id":"https:\/\/www.lamadoue.fr\/#organization"},"potentialAction":[{"@type":"SearchAction","target":{"@type":"EntryPoint","urlTemplate":"https:\/\/www.lamadoue.fr\/?s={search_term_string}"},"query-input":"required name=search_term_string"}],"inLanguage":"fr-FR"},{"@type":"Organization","@id":"https:\/\/www.lamadoue.fr\/#organization","name":"Lamadou\u00e9","url":"https:\/\/www.lamadoue.fr\/","logo":{"@type":"ImageObject","inLanguage":"fr-FR","@id":"https:\/\/www.lamadoue.fr\/#\/schema\/logo\/image\/","url":"https:\/\/www.lamadoue.fr\/wp-content\/uploads\/2022\/06\/logo-transparent.png","contentUrl":"https:\/\/www.lamadoue.fr\/wp-content\/uploads\/2022\/06\/logo-transparent.png","width":4096,"height":4096,"caption":"Lamadou\u00e9"},"image":{"@id":"https:\/\/www.lamadoue.fr\/#\/schema\/logo\/image\/"},"sameAs":["https:\/\/www.facebook.com\/Lamadou-106862788505742\/","https:\/\/www.youtube.com\/channel\/UCOOrtb88az9nkBy-XtLKslg\/videos","https:\/\/www.instagram.com\/lamadoue\/"]}]}},"_links":{"self":[{"href":"https:\/\/www.lamadoue.fr\/index.php\/wp-json\/wp\/v2\/pages\/209","targetHints":{"allow":["GET"]}}],"collection":[{"href":"https:\/\/www.lamadoue.fr\/index.php\/wp-json\/wp\/v2\/pages"}],"about":[{"href":"https:\/\/www.lamadoue.fr\/index.php\/wp-json\/wp\/v2\/types\/page"}],"author":[{"embeddable":true,"href":"https:\/\/www.lamadoue.fr\/index.php\/wp-json\/wp\/v2\/users\/1"}],"replies":[{"embeddable":true,"href":"https:\/\/www.lamadoue.fr\/index.php\/wp-json\/wp\/v2\/comments?post=209"}],"version-history":[{"count":20,"href":"https:\/\/www.lamadoue.fr\/index.php\/wp-json\/wp\/v2\/pages\/209\/revisions"}],"predecessor-version":[{"id":2605,"href":"https:\/\/www.lamadoue.fr\/index.php\/wp-json\/wp\/v2\/pages\/209\/revisions\/2605"}],"wp:attachment":[{"href":"https:\/\/www.lamadoue.fr\/index.php\/wp-json\/wp\/v2\/media?parent=209"}],"curies":[{"name":"wp","href":"https:\/\/api.w.org\/{rel}","templated":true}]}}