{"id":1540,"date":"2022-11-10T16:39:05","date_gmt":"2022-11-10T15:39:05","guid":{"rendered":"https:\/\/www.lamadoue.fr\/?page_id=1540"},"modified":"2024-01-22T17:08:02","modified_gmt":"2024-01-22T16:08:02","slug":"television-et-presse","status":"publish","type":"page","link":"https:\/\/www.lamadoue.fr\/index.php\/television-et-presse\/","title":{"rendered":"Television et presse."},"content":{"rendered":"<div data-colibri-id=\"1540-c1\" class=\"style-596 style-local-1540-c1 position-relative\">\n  <!---->\n  <div data-colibri-component=\"section\" data-colibri-id=\"1540-c28\" id=\"custom\" class=\"h-section h-section-global-spacing d-flex align-items-lg-center align-items-md-center align-items-center style-770 style-local-1540-c28 position-relative\">\n    <!---->\n    <!---->\n    <div class=\"h-section-grid-container h-section-boxed-container\">\n      <!---->\n      <div data-colibri-id=\"1540-c29\" class=\"h-row-container gutters-row-lg-2 gutters-row-md-2 gutters-row-0 gutters-row-v-lg-2 gutters-row-v-md-2 gutters-row-v-2 style-771 style-local-1540-c29 position-relative\">\n        <!---->\n        <div class=\"h-row justify-content-lg-center justify-content-md-center justify-content-center align-items-lg-stretch align-items-md-stretch align-items-stretch gutters-col-lg-2 gutters-col-md-2 gutters-col-0 gutters-col-v-lg-2 gutters-col-v-md-2 gutters-col-v-2\">\n          <!---->\n          <div class=\"h-column h-column-container d-flex h-col-lg-auto h-col-md-auto h-col-auto style-772-outer style-local-1540-c30-outer\">\n            <div data-colibri-id=\"1540-c30\" class=\"d-flex h-flex-basis h-column__inner h-px-lg-2 h-px-md-2 h-px-2 v-inner-lg-2 v-inner-md-2 v-inner-2 style-772 style-local-1540-c30 position-relative\">\n              <!---->\n              <!---->\n              <div class=\"w-100 h-y-container h-column__content h-column__v-align flex-basis-100 align-self-lg-start align-self-md-start align-self-start\">\n                <!---->\n                <div data-colibri-component=\"video\" data-colibri-id=\"1540-c31\" class=\"d-block h-video d-block h-video style-773 style-local-1540-c31 position-relative h-element\">\n                  <!---->\n                  <!---->\n                  <div class=\"video-container position-relative\">\n                    <div class=\"h-global-transition-all ratio-inner\"><iframe src=https:\/\/www.youtube.com\/embed\/zDAAofaGMDw?autoplay=0&amp;mute=0&amp;modestbranding=0&amp;rel=0&amp;enablejsapi=1&amp; class='h-video-main'  allowfullscreen><\/iframe><\/div>\n                  <\/div>\n                <\/div>\n              <\/div>\n            <\/div>\n          <\/div>\n        <\/div>\n      <\/div>\n    <\/div>\n  <\/div>\n  <div data-colibri-component=\"section\" data-colibri-id=\"1540-c40\" id=\"custom\" class=\"h-section h-section-global-spacing d-flex align-items-lg-center align-items-md-center align-items-center style-770 style-local-1540-c40 position-relative\">\n    <!---->\n    <!---->\n    <div class=\"h-section-grid-container h-section-boxed-container\">\n      <!---->\n      <div data-colibri-id=\"1540-c41\" class=\"h-row-container gutters-row-lg-2 gutters-row-md-2 gutters-row-0 gutters-row-v-lg-2 gutters-row-v-md-2 gutters-row-v-2 style-771 style-local-1540-c41 position-relative\">\n        <!---->\n        <div class=\"h-row justify-content-lg-center justify-content-md-center justify-content-center align-items-lg-stretch align-items-md-stretch align-items-stretch gutters-col-lg-2 gutters-col-md-2 gutters-col-0 gutters-col-v-lg-2 gutters-col-v-md-2 gutters-col-v-2\">\n          <!---->\n          <div class=\"h-column h-column-container d-flex h-col-lg-auto h-col-md-auto h-col-auto style-772-outer style-local-1540-c42-outer\">\n            <div data-colibri-id=\"1540-c42\" class=\"d-flex h-flex-basis h-column__inner h-px-lg-2 h-px-md-2 h-px-2 v-inner-lg-2 v-inner-md-2 v-inner-2 style-772 style-local-1540-c42 position-relative\">\n              <!---->\n              <!---->\n              <div class=\"w-100 h-y-container h-column__content h-column__v-align flex-basis-100 align-self-lg-start align-self-md-start align-self-start\">\n                <!---->\n                <div data-colibri-component=\"video\" data-colibri-id=\"1540-c43\" class=\"d-block h-video d-block h-video style-773 style-local-1540-c43 position-relative h-element\">\n                  <!---->\n                  <!---->\n                  <div class=\"video-container position-relative\">\n                    <div class=\"h-global-transition-all ratio-inner\"><video class='h-video-main' controls  ><source src=https:\/\/www.lamadoue.fr\/wp-content\/uploads\/2022\/11\/vous-etes-formidable-lamadoue.mp4 type='video\/mp4' \/><\/video><\/div>\n                  <\/div>\n                <\/div>\n              <\/div>\n            <\/div>\n          <\/div>\n        <\/div>\n      <\/div>\n    <\/div>\n  <\/div>\n  <div data-colibri-component=\"section\" data-colibri-id=\"1540-c7\" id=\"photo-gallery\" class=\"h-section h-section-global-spacing d-flex align-items-lg-center align-items-md-center align-items-center style-762 style-local-1540-c7 position-relative\">\n    <!---->\n    <!---->\n    <div class=\"h-section-grid-container h-section-boxed-container\">\n      <div data-colibri-id=\"1540-c11\" class=\"h-row-container gutters-row-lg-2 gutters-row-md-2 gutters-row-2 gutters-row-v-lg-2 gutters-row-v-md-2 gutters-row-v-2 style-766 style-local-1540-c11 position-relative\">\n        <!---->\n        <div class=\"h-row justify-content-lg-center justify-content-md-center justify-content-center align-items-lg-stretch align-items-md-stretch align-items-stretch gutters-col-lg-2 gutters-col-md-2 gutters-col-2 gutters-col-v-lg-2 gutters-col-v-md-2 gutters-col-v-2\">\n          <!---->\n          <div class=\"h-column h-column-container d-flex h-col-lg-auto h-col-md-auto h-col-auto style-767-outer style-local-1540-c12-outer\">\n            <div data-colibri-id=\"1540-c12\" class=\"d-flex h-flex-basis h-column__inner h-px-lg-2 h-px-md-2 h-px-2 v-inner-lg-2 v-inner-md-2 v-inner-2 style-767 style-local-1540-c12 position-relative\">\n              <!---->\n              <!---->\n              <div class=\"w-100 h-y-container h-column__content h-column__v-align flex-basis-100 align-self-lg-start align-self-md-start align-self-start\">\n                <!---->\n                <div data-colibri-id=\"1540-c13\" class=\"h-global-transition-all h-heading style-768 style-local-1540-c13 position-relative h-element\">\n                  <!---->\n                  <div class=\"h-heading__outer style-768 style-local-1540-c13\">\n                    <!---->\n                    <!---->\n                    <h2 class=\"\">Article de presse<\/h2>\n                  <\/div>\n                <\/div>\n                <div data-colibri-id=\"1540-c14\" class=\"h-lead h-text h-text-component style-769 style-local-1540-c14 position-relative h-element\">\n                  <!---->\n                  <!---->\n                  <div class=\"\">\n                    <p>Fort de son originalit\u00e9 et de ses engagements fort en terme de bien \u00eatre animal et de pr\u00e9servation de l&rsquo;environnement, Lamadou\u00e9 a s\u00e9duit plusieurs magazines, journaux locaux et m\u00e9dias.<\/p>\n                  <\/div>\n                <\/div>\n              <\/div>\n            <\/div>\n          <\/div>\n        <\/div>\n      <\/div>\n      <div data-colibri-id=\"1540-c8\" class=\"h-row-container gutters-row-lg-2 gutters-row-md-2 gutters-row-2 gutters-row-v-lg-2 gutters-row-v-md-2 gutters-row-v-2 style-763 style-local-1540-c8 position-relative\">\n        <!---->\n        <div class=\"h-row justify-content-lg-center justify-content-md-center justify-content-center align-items-lg-stretch align-items-md-stretch align-items-stretch gutters-col-lg-2 gutters-col-md-2 gutters-col-2 gutters-col-v-lg-2 gutters-col-v-md-2 gutters-col-v-2\">\n          <!---->\n          <div class=\"h-column h-column-container d-flex h-col-lg-auto h-col-md-auto h-col-auto style-764-outer style-local-1540-c9-outer\">\n            <div data-colibri-id=\"1540-c9\" class=\"d-flex h-flex-basis h-column__inner h-px-lg-2 h-px-md-2 h-px-2 v-inner-lg-2 v-inner-md-2 v-inner-2 style-764 style-local-1540-c9 position-relative\">\n              <!---->\n              <!---->\n              <div class=\"w-100 h-y-container h-column__content h-column__v-align flex-basis-100 align-self-lg-start align-self-md-start align-self-start\">\n                <!---->\n                <div data-colibri-component=\"masonry\" data-colibri-id=\"1540-c10\" class=\"h-photo-gallery margin-none caption-displayTrue caption-vertical-align-center style-765 style-local-1540-c10 position-relative h-element\">\n                  <!---->\n                  <div class=\"h-global-transition-all\"><div id='colibri-1540-c10' class='gallery-wrapper'>    <style type=\"text\/css\">\n\n        @media (min-width: 1023px) {        #colibri-1540-c10        dl {\n            float: left;\n            width: 33.333333333333% !important;\n            max-width: 33.333333333333% !important;\n            min-width: 33.333333333333% !important;\n        }\n\n        #colibri-1540-c10        dl:nth-of-type(3n +1 ) {\n            clear: both;\n        }\n\n        }@media (min-width: 768px) and (max-width: 1023px) {        #colibri-1540-c10        dl {\n            float: left;\n            width: 33.333333333333% !important;\n            max-width: 33.333333333333% !important;\n            min-width: 33.333333333333% !important;\n        }\n\n        #colibri-1540-c10        dl:nth-of-type(3n +1 ) {\n            clear: both;\n        }\n\n        }@media (max-width: 767px) {        #colibri-1540-c10        dl {\n            float: left;\n            width: 50% !important;\n            max-width: 50% !important;\n            min-width: 50% !important;\n        }\n\n        #colibri-1540-c10        dl:nth-of-type(2n +1 ) {\n            clear: both;\n        }\n\n        }\n        #colibri-1540-c10        .gallery-item {\n            position: relative;\n        }\n\n        \n    <\/style>\n    <div   class='colibri-1540-c10-dls-wrapper gallery-items-wrapper' ><dl class='gallery-item masonry-item'>\n\t\t\t<dt class='gallery-icon portrait'>\n\t\t\t\t<a data-fancybox=\"colibri-1540-c10-group\" href='https:\/\/www.lamadoue.fr\/wp-content\/uploads\/2022\/11\/cropped-article-2021-gazette.jpg'><img loading=\"lazy\" decoding=\"async\"  width=\"184\" height=\"300\" src=\"https:\/\/www.lamadoue.fr\/wp-content\/uploads\/2022\/11\/cropped-article-2021-gazette-184x300.jpg\"  class='colibri-1540-c10-image' alt=\"\" aria-describedby=\"gallery-1-1593\" srcset=\"https:\/\/www.lamadoue.fr\/wp-content\/uploads\/2022\/11\/cropped-article-2021-gazette-184x300.jpg 184w, https:\/\/www.lamadoue.fr\/wp-content\/uploads\/2022\/11\/cropped-article-2021-gazette.jpg 551w\" sizes=\"auto, (max-width: 184px) 100vw, 184px\" \/><\/a>\n\t\t\t<\/dt>\n\t\t\t\t<div class=\"gallery-caption__wrapper\"><dd class='wp-caption-text gallery-caption' id='gallery-1-1593'>\n\t\t\t\tarticle de presse en 2021 la gazette de Montpellier\n\t\t\t\t<\/dd><\/div><\/dl><dl class='gallery-item masonry-item'>\n\t\t\t<dt class='gallery-icon landscape'>\n\t\t\t\t<a data-fancybox=\"colibri-1540-c10-group\" href='https:\/\/www.lamadoue.fr\/wp-content\/uploads\/2022\/11\/cropped-article-2022-cote-montpellier.jpg'><img loading=\"lazy\" decoding=\"async\"  width=\"300\" height=\"116\" src=\"https:\/\/www.lamadoue.fr\/wp-content\/uploads\/2022\/11\/cropped-article-2022-cote-montpellier-300x116.jpg\"  class='colibri-1540-c10-image' alt=\"\" aria-describedby=\"gallery-1-1592\" srcset=\"https:\/\/www.lamadoue.fr\/wp-content\/uploads\/2022\/11\/cropped-article-2022-cote-montpellier-300x116.jpg 300w, https:\/\/www.lamadoue.fr\/wp-content\/uploads\/2022\/11\/cropped-article-2022-cote-montpellier-1024x396.jpg 1024w, https:\/\/www.lamadoue.fr\/wp-content\/uploads\/2022\/11\/cropped-article-2022-cote-montpellier-768x297.jpg 768w, https:\/\/www.lamadoue.fr\/wp-content\/uploads\/2022\/11\/cropped-article-2022-cote-montpellier-1536x594.jpg 1536w, https:\/\/www.lamadoue.fr\/wp-content\/uploads\/2022\/11\/cropped-article-2022-cote-montpellier-2048x792.jpg 2048w\" sizes=\"auto, (max-width: 300px) 100vw, 300px\" \/><\/a>\n\t\t\t<\/dt>\n\t\t\t\t<div class=\"gallery-caption__wrapper\"><dd class='wp-caption-text gallery-caption' id='gallery-1-1592'>\n\t\t\t\tArticle de presse cot\u00e9 montpellier 2022\n\t\t\t\t<\/dd><\/div><\/dl><dl class='gallery-item masonry-item'>\n\t\t\t<dt class='gallery-icon portrait'>\n\t\t\t\t<a data-fancybox=\"colibri-1540-c10-group\" href='https:\/\/www.lamadoue.fr\/wp-content\/uploads\/2022\/11\/cropped-cropped-article-2021-muriel-info.jpg'><img loading=\"lazy\" decoding=\"async\"  width=\"204\" height=\"300\" src=\"https:\/\/www.lamadoue.fr\/wp-content\/uploads\/2022\/11\/cropped-cropped-article-2021-muriel-info-204x300.jpg\"  class='colibri-1540-c10-image' alt=\"\" srcset=\"https:\/\/www.lamadoue.fr\/wp-content\/uploads\/2022\/11\/cropped-cropped-article-2021-muriel-info-204x300.jpg 204w, https:\/\/www.lamadoue.fr\/wp-content\/uploads\/2022\/11\/cropped-cropped-article-2021-muriel-info.jpg 451w\" sizes=\"auto, (max-width: 204px) 100vw, 204px\" \/><\/a>\n\t\t\t<\/dt><\/dl><dl class='gallery-item masonry-item'>\n\t\t\t<dt class='gallery-icon portrait'>\n\t\t\t\t<a data-fancybox=\"colibri-1540-c10-group\" href='https:\/\/www.lamadoue.fr\/wp-content\/uploads\/2022\/11\/article-2022-gazette.jpg'><img loading=\"lazy\" decoding=\"async\"  width=\"204\" height=\"300\" src=\"https:\/\/www.lamadoue.fr\/wp-content\/uploads\/2022\/11\/article-2022-gazette-204x300.jpg\"  class='colibri-1540-c10-image' alt=\"\" srcset=\"https:\/\/www.lamadoue.fr\/wp-content\/uploads\/2022\/11\/article-2022-gazette-204x300.jpg 204w, https:\/\/www.lamadoue.fr\/wp-content\/uploads\/2022\/11\/article-2022-gazette.jpg 451w\" sizes=\"auto, (max-width: 204px) 100vw, 204px\" \/><\/a>\n\t\t\t<\/dt><\/dl><dl class='gallery-item masonry-item'>\n\t\t\t<dt class='gallery-icon portrait'>\n\t\t\t\t<a data-fancybox=\"colibri-1540-c10-group\" href='https:\/\/www.lamadoue.fr\/wp-content\/uploads\/2022\/11\/article-metropole-2021.jpg'><img loading=\"lazy\" decoding=\"async\"  width=\"204\" height=\"300\" src=\"https:\/\/www.lamadoue.fr\/wp-content\/uploads\/2022\/11\/article-metropole-2021-204x300.jpg\"  class='colibri-1540-c10-image' alt=\"\" srcset=\"https:\/\/www.lamadoue.fr\/wp-content\/uploads\/2022\/11\/article-metropole-2021-204x300.jpg 204w, https:\/\/www.lamadoue.fr\/wp-content\/uploads\/2022\/11\/article-metropole-2021.jpg 451w\" sizes=\"auto, (max-width: 204px) 100vw, 204px\" \/><\/a>\n\t\t\t<\/dt><\/dl><dl class='gallery-item masonry-item'>\n\t\t\t<dt class='gallery-icon portrait'>\n\t\t\t\t<a data-fancybox=\"colibri-1540-c10-group\" href='https:\/\/www.lamadoue.fr\/wp-content\/uploads\/2022\/11\/article-murviel-2022-photo.jpg'><img loading=\"lazy\" decoding=\"async\"  width=\"204\" height=\"300\" src=\"https:\/\/www.lamadoue.fr\/wp-content\/uploads\/2022\/11\/article-murviel-2022-photo-204x300.jpg\"  class='colibri-1540-c10-image' alt=\"\" srcset=\"https:\/\/www.lamadoue.fr\/wp-content\/uploads\/2022\/11\/article-murviel-2022-photo-204x300.jpg 204w, https:\/\/www.lamadoue.fr\/wp-content\/uploads\/2022\/11\/article-murviel-2022-photo.jpg 451w\" sizes=\"auto, (max-width: 204px) 100vw, 204px\" \/><\/a>\n\t\t\t<\/dt><\/dl>\n\t\t\t\n\t\t<\/div>\n<style>#colibri-1540-c10 .wp-caption-text.gallery-caption{display:none;}<\/style><\/div><\/div>\n                <\/div>\n              <\/div>\n            <\/div>\n          <\/div>\n        <\/div>\n      <\/div>\n    <\/div>\n  <\/div>\n<\/div>","protected":false},"excerpt":{"rendered":"<p>Article de presse Fort de son originalit\u00e9 et de ses engagements fort en terme de bien \u00eatre animal et de pr\u00e9servation de l&rsquo;environnement, Lamadou\u00e9 a s\u00e9duit plusieurs magazines, journaux locaux et m\u00e9dias.<\/p>\n","protected":false},"author":1,"featured_media":0,"parent":0,"menu_order":0,"comment_status":"closed","ping_status":"closed","template":"page-templates\/full-width-page.php","meta":{"footnotes":""},"class_list":["post-1540","page","type-page","status-publish","hentry"],"yoast_head":"<!-- This site is optimized with the Yoast SEO plugin v21.9.1 - https:\/\/yoast.com\/wordpress\/plugins\/seo\/ -->\n<title>Television et presse. - Lamadou\u00e9<\/title>\n<meta name=\"description\" content=\"Passage \u00e0 la t\u00e9l\u00e9vision, article de presse dans des magazines locaux, journal local de Murviel les Montpellier et montpellier m\u00e9tropole\" \/>\n<meta name=\"robots\" content=\"index, follow, max-snippet:-1, max-image-preview:large, max-video-preview:-1\" \/>\n<link rel=\"canonical\" href=\"https:\/\/www.lamadoue.fr\/index.php\/television-et-presse\/\" \/>\n<meta property=\"og:locale\" content=\"fr_FR\" \/>\n<meta property=\"og:type\" content=\"article\" \/>\n<meta property=\"og:title\" content=\"Television et presse. - Lamadou\u00e9\" \/>\n<meta property=\"og:description\" content=\"Passage \u00e0 la t\u00e9l\u00e9vision, article de presse dans des magazines locaux, journal local de Murviel les Montpellier et montpellier m\u00e9tropole\" \/>\n<meta property=\"og:url\" content=\"https:\/\/www.lamadoue.fr\/index.php\/television-et-presse\/\" \/>\n<meta property=\"og:site_name\" content=\"Lamadou\u00e9\" \/>\n<meta property=\"article:publisher\" content=\"https:\/\/www.facebook.com\/Lamadou-106862788505742\/\" \/>\n<meta property=\"article:modified_time\" content=\"2024-01-22T16:08:02+00:00\" \/>\n<meta name=\"twitter:card\" content=\"summary_large_image\" \/>\n<meta name=\"twitter:label1\" content=\"Dur\u00e9e de lecture estim\u00e9e\" \/>\n\t<meta name=\"twitter:data1\" content=\"1 minute\" \/>\n<script type=\"application\/ld+json\" class=\"yoast-schema-graph\">{\"@context\":\"https:\/\/schema.org\",\"@graph\":[{\"@type\":\"WebPage\",\"@id\":\"https:\/\/www.lamadoue.fr\/index.php\/television-et-presse\/\",\"url\":\"https:\/\/www.lamadoue.fr\/index.php\/television-et-presse\/\",\"name\":\"Television et presse. - Lamadou\u00e9\",\"isPartOf\":{\"@id\":\"https:\/\/www.lamadoue.fr\/#website\"},\"datePublished\":\"2022-11-10T15:39:05+00:00\",\"dateModified\":\"2024-01-22T16:08:02+00:00\",\"description\":\"Passage \u00e0 la t\u00e9l\u00e9vision, article de presse dans des magazines locaux, journal local de Murviel les Montpellier et montpellier m\u00e9tropole\",\"breadcrumb\":{\"@id\":\"https:\/\/www.lamadoue.fr\/index.php\/television-et-presse\/#breadcrumb\"},\"inLanguage\":\"fr-FR\",\"potentialAction\":[{\"@type\":\"ReadAction\",\"target\":[\"https:\/\/www.lamadoue.fr\/index.php\/television-et-presse\/\"]}]},{\"@type\":\"BreadcrumbList\",\"@id\":\"https:\/\/www.lamadoue.fr\/index.php\/television-et-presse\/#breadcrumb\",\"itemListElement\":[{\"@type\":\"ListItem\",\"position\":1,\"name\":\"Accueil\",\"item\":\"https:\/\/www.lamadoue.fr\/\"},{\"@type\":\"ListItem\",\"position\":2,\"name\":\"Television et presse.\"}]},{\"@type\":\"WebSite\",\"@id\":\"https:\/\/www.lamadoue.fr\/#website\",\"url\":\"https:\/\/www.lamadoue.fr\/\",\"name\":\"Lamadou\u00e9\",\"description\":\"&quot;Producteur de douceur&quot; \u00e9levage de lama \u00e0 Montpellier, laine, activit\u00e9 agritourisme, activit\u00e9s ludiques\",\"publisher\":{\"@id\":\"https:\/\/www.lamadoue.fr\/#organization\"},\"potentialAction\":[{\"@type\":\"SearchAction\",\"target\":{\"@type\":\"EntryPoint\",\"urlTemplate\":\"https:\/\/www.lamadoue.fr\/?s={search_term_string}\"},\"query-input\":\"required name=search_term_string\"}],\"inLanguage\":\"fr-FR\"},{\"@type\":\"Organization\",\"@id\":\"https:\/\/www.lamadoue.fr\/#organization\",\"name\":\"Lamadou\u00e9\",\"url\":\"https:\/\/www.lamadoue.fr\/\",\"logo\":{\"@type\":\"ImageObject\",\"inLanguage\":\"fr-FR\",\"@id\":\"https:\/\/www.lamadoue.fr\/#\/schema\/logo\/image\/\",\"url\":\"https:\/\/www.lamadoue.fr\/wp-content\/uploads\/2022\/06\/logo-transparent.png\",\"contentUrl\":\"https:\/\/www.lamadoue.fr\/wp-content\/uploads\/2022\/06\/logo-transparent.png\",\"width\":4096,\"height\":4096,\"caption\":\"Lamadou\u00e9\"},\"image\":{\"@id\":\"https:\/\/www.lamadoue.fr\/#\/schema\/logo\/image\/\"},\"sameAs\":[\"https:\/\/www.facebook.com\/Lamadou-106862788505742\/\",\"https:\/\/www.youtube.com\/channel\/UCOOrtb88az9nkBy-XtLKslg\/videos\",\"https:\/\/www.instagram.com\/lamadoue\/\"]}]}<\/script>\n<!-- \/ Yoast SEO plugin. -->","yoast_head_json":{"title":"Television et presse. - Lamadou\u00e9","description":"Passage \u00e0 la t\u00e9l\u00e9vision, article de presse dans des magazines locaux, journal local de Murviel les Montpellier et montpellier m\u00e9tropole","robots":{"index":"index","follow":"follow","max-snippet":"max-snippet:-1","max-image-preview":"max-image-preview:large","max-video-preview":"max-video-preview:-1"},"canonical":"https:\/\/www.lamadoue.fr\/index.php\/television-et-presse\/","og_locale":"fr_FR","og_type":"article","og_title":"Television et presse. - Lamadou\u00e9","og_description":"Passage \u00e0 la t\u00e9l\u00e9vision, article de presse dans des magazines locaux, journal local de Murviel les Montpellier et montpellier m\u00e9tropole","og_url":"https:\/\/www.lamadoue.fr\/index.php\/television-et-presse\/","og_site_name":"Lamadou\u00e9","article_publisher":"https:\/\/www.facebook.com\/Lamadou-106862788505742\/","article_modified_time":"2024-01-22T16:08:02+00:00","twitter_card":"summary_large_image","twitter_misc":{"Dur\u00e9e de lecture estim\u00e9e":"1 minute"},"schema":{"@context":"https:\/\/schema.org","@graph":[{"@type":"WebPage","@id":"https:\/\/www.lamadoue.fr\/index.php\/television-et-presse\/","url":"https:\/\/www.lamadoue.fr\/index.php\/television-et-presse\/","name":"Television et presse. - Lamadou\u00e9","isPartOf":{"@id":"https:\/\/www.lamadoue.fr\/#website"},"datePublished":"2022-11-10T15:39:05+00:00","dateModified":"2024-01-22T16:08:02+00:00","description":"Passage \u00e0 la t\u00e9l\u00e9vision, article de presse dans des magazines locaux, journal local de Murviel les Montpellier et montpellier m\u00e9tropole","breadcrumb":{"@id":"https:\/\/www.lamadoue.fr\/index.php\/television-et-presse\/#breadcrumb"},"inLanguage":"fr-FR","potentialAction":[{"@type":"ReadAction","target":["https:\/\/www.lamadoue.fr\/index.php\/television-et-presse\/"]}]},{"@type":"BreadcrumbList","@id":"https:\/\/www.lamadoue.fr\/index.php\/television-et-presse\/#breadcrumb","itemListElement":[{"@type":"ListItem","position":1,"name":"Accueil","item":"https:\/\/www.lamadoue.fr\/"},{"@type":"ListItem","position":2,"name":"Television et presse."}]},{"@type":"WebSite","@id":"https:\/\/www.lamadoue.fr\/#website","url":"https:\/\/www.lamadoue.fr\/","name":"Lamadou\u00e9","description":"&quot;Producteur de douceur&quot; \u00e9levage de lama \u00e0 Montpellier, laine, activit\u00e9 agritourisme, activit\u00e9s ludiques","publisher":{"@id":"https:\/\/www.lamadoue.fr\/#organization"},"potentialAction":[{"@type":"SearchAction","target":{"@type":"EntryPoint","urlTemplate":"https:\/\/www.lamadoue.fr\/?s={search_term_string}"},"query-input":"required name=search_term_string"}],"inLanguage":"fr-FR"},{"@type":"Organization","@id":"https:\/\/www.lamadoue.fr\/#organization","name":"Lamadou\u00e9","url":"https:\/\/www.lamadoue.fr\/","logo":{"@type":"ImageObject","inLanguage":"fr-FR","@id":"https:\/\/www.lamadoue.fr\/#\/schema\/logo\/image\/","url":"https:\/\/www.lamadoue.fr\/wp-content\/uploads\/2022\/06\/logo-transparent.png","contentUrl":"https:\/\/www.lamadoue.fr\/wp-content\/uploads\/2022\/06\/logo-transparent.png","width":4096,"height":4096,"caption":"Lamadou\u00e9"},"image":{"@id":"https:\/\/www.lamadoue.fr\/#\/schema\/logo\/image\/"},"sameAs":["https:\/\/www.facebook.com\/Lamadou-106862788505742\/","https:\/\/www.youtube.com\/channel\/UCOOrtb88az9nkBy-XtLKslg\/videos","https:\/\/www.instagram.com\/lamadoue\/"]}]}},"_links":{"self":[{"href":"https:\/\/www.lamadoue.fr\/index.php\/wp-json\/wp\/v2\/pages\/1540","targetHints":{"allow":["GET"]}}],"collection":[{"href":"https:\/\/www.lamadoue.fr\/index.php\/wp-json\/wp\/v2\/pages"}],"about":[{"href":"https:\/\/www.lamadoue.fr\/index.php\/wp-json\/wp\/v2\/types\/page"}],"author":[{"embeddable":true,"href":"https:\/\/www.lamadoue.fr\/index.php\/wp-json\/wp\/v2\/users\/1"}],"replies":[{"embeddable":true,"href":"https:\/\/www.lamadoue.fr\/index.php\/wp-json\/wp\/v2\/comments?post=1540"}],"version-history":[{"count":13,"href":"https:\/\/www.lamadoue.fr\/index.php\/wp-json\/wp\/v2\/pages\/1540\/revisions"}],"predecessor-version":[{"id":2415,"href":"https:\/\/www.lamadoue.fr\/index.php\/wp-json\/wp\/v2\/pages\/1540\/revisions\/2415"}],"wp:attachment":[{"href":"https:\/\/www.lamadoue.fr\/index.php\/wp-json\/wp\/v2\/media?parent=1540"}],"curies":[{"name":"wp","href":"https:\/\/api.w.org\/{rel}","templated":true}]}}